{"id":6365,"date":"2021-05-07T06:06:42","date_gmt":"2021-05-07T05:06:42","guid":{"rendered":"http:\/\/robotechno.casciani.fr\/?page_id=6365"},"modified":"2021-05-08T16:44:50","modified_gmt":"2021-05-08T15:44:50","slug":"mbot","status":"publish","type":"page","link":"https:\/\/robotechno.casciani.fr\/?page_id=6365","title":{"rendered":"mBot"},"content":{"rendered":"\n<p class=\"wp-block-paragraph\">Source : Technologie Services<\/p>\n\n\n\n<p class=\"wp-block-paragraph\"><strong>mBot2 est un robot \u00e9ducatif de nouvelle g\u00e9n\u00e9ration, con\u00e7u pour l\u2019enseignement secondaire, mais qui peut s\u2019adapter \u00e0 un niveau d\u2019enseignement plus \u00e9lev\u00e9.<\/strong><\/p>\n\n\n\n<p class=\"wp-block-paragraph\">Son fonctionnement s\u2019appuie sur CyberPi, un microcontr\u00f4leur \u00e9ducatif dot\u00e9 d\u2019am\u00e9liorations telles que des capacit\u00e9s de mise en r\u00e9seau, un contr\u00f4le pr\u00e9cis et bien plus encore. mBot2 est con\u00e7u pour que les \u00e9l\u00e8ves puissent participer \u00e0 des le\u00e7ons interactives et intelligentes qui soient stimulantes, amusantes et refl\u00e8tent des applications du monde r\u00e9el dans des technologies de pointe, notamment la robotique, l\u2019IA, l\u2019IoT et la science des donn\u00e9es.<\/p>\n\n\n\n<p class=\"wp-block-paragraph\">Gr\u00e2ce \u00e0 l\u2019exp\u00e9rience d\u2019apprentissage du codage am\u00e9lior\u00e9e de mBlock, mBot2 permet aux \u00e9l\u00e8ves et aux \u00e9ducateurs de commencer par l\u2019approche de codage par blocs, puis de passer en douceur au codage orient\u00e9 objet avec Python, le tout dans le m\u00eame environnement.<\/p>\n\n\n","protected":false},"excerpt":{"rendered":"<p>Source : Technologie Services mBot2 est un robot \u00e9ducatif de nouvelle g\u00e9n\u00e9ration, con\u00e7u pour l\u2019enseignement secondaire, mais qui peut s\u2019adapter \u00e0 un niveau d\u2019enseignement plus \u00e9lev\u00e9. Son fonctionnement s\u2019appuie sur CyberPi, un microcontr\u00f4leur \u00e9ducatif dot\u00e9 d\u2019am\u00e9liorations telles que des capacit\u00e9s de mise en r\u00e9seau, un contr\u00f4le pr\u00e9cis et bien plus encore. mBot2 est con\u00e7u pour &hellip; <a href=\"https:\/\/robotechno.casciani.fr\/?page_id=6365\" class=\"more-link\">Continuer la lecture de <span class=\"screen-reader-text\">mBot<\/span>  <span class=\"meta-nav\">&rarr;<\/span><\/a><\/p>\n","protected":false},"author":1,"featured_media":6378,"parent":147,"menu_order":0,"comment_status":"closed","ping_status":"closed","template":"","meta":{"_crdt_document":"","footnotes":""},"class_list":["post-6365","page","type-page","status-publish","has-post-thumbnail","hentry"],"_links":{"self":[{"href":"https:\/\/robotechno.casciani.fr\/index.php?rest_route=\/wp\/v2\/pages\/6365","targetHints":{"allow":["GET"]}}],"collection":[{"href":"https:\/\/robotechno.casciani.fr\/index.php?rest_route=\/wp\/v2\/pages"}],"about":[{"href":"https:\/\/robotechno.casciani.fr\/index.php?rest_route=\/wp\/v2\/types\/page"}],"author":[{"embeddable":true,"href":"https:\/\/robotechno.casciani.fr\/index.php?rest_route=\/wp\/v2\/users\/1"}],"replies":[{"embeddable":true,"href":"https:\/\/robotechno.casciani.fr\/index.php?rest_route=%2Fwp%2Fv2%2Fcomments&post=6365"}],"version-history":[{"count":5,"href":"https:\/\/robotechno.casciani.fr\/index.php?rest_route=\/wp\/v2\/pages\/6365\/revisions"}],"predecessor-version":[{"id":6381,"href":"https:\/\/robotechno.casciani.fr\/index.php?rest_route=\/wp\/v2\/pages\/6365\/revisions\/6381"}],"up":[{"embeddable":true,"href":"https:\/\/robotechno.casciani.fr\/index.php?rest_route=\/wp\/v2\/pages\/147"}],"wp:featuredmedia":[{"embeddable":true,"href":"https:\/\/robotechno.casciani.fr\/index.php?rest_route=\/wp\/v2\/media\/6378"}],"wp:attachment":[{"href":"https:\/\/robotechno.casciani.fr\/index.php?rest_route=%2Fwp%2Fv2%2Fmedia&parent=6365"}],"curies":[{"name":"wp","href":"https:\/\/api.w.org\/{rel}","templated":true}]}}