{"id":44,"date":"2014-08-10T09:22:38","date_gmt":"2014-08-10T08:22:38","guid":{"rendered":"http:\/\/robotechno.casciani.fr\/?page_id=44"},"modified":"2014-08-31T14:09:04","modified_gmt":"2014-08-31T13:09:04","slug":"new-page-2-2","status":"publish","type":"page","link":"https:\/\/robotechno.casciani.fr\/?page_id=44","title":{"rendered":"Arduino"},"content":{"rendered":"<div class=\"art-content-layout\"><b>Platines Arduino<\/b><b><\/b><b><br \/>\nLes arduino\u2122 sont des plates-formes de prototypage microcontr\u00f4l\u00e9es \u00ab\u00a0open-source\u00a0\u00bb sp\u00e9cialement con\u00e7ues pour les artistes, les concepteurs ou les hobistes d\u00e9sirant r\u00e9aliser des syst\u00e8mes interractifs. Ces derniers peuvent recevoir des informations en provenance de leur environnement afin de pouvoir piloter une multitude de dispositifs externes (leds, buzzer, moteurs, etc&#8230;). Programmables via un langage proche du \u00ab\u00a0C\u00a0\u00bb (disponible en libre t\u00e9l\u00e9chargement), les modules Arduino\u2122 peuvent fonctionner de fa\u00e7on autonome ou en communicant avec un logiciel \u00ab\u00a0tournant\u00a0\u00bb sur un ordinateur PC ou MAC (Flash, MaxMSP&#8230;).L&rsquo;ensemble des entr\u00e9es\/sorties des platines Arduino\u2122 sont disponibles sur des connecteurs femelles pr\u00e9sents sur les bords des platines afin de favoriser un raccordement rapide et intuitif.<\/b><\/p>\n<p>Source :\u00a0<a title=\"Lextronic\" href=\"http:\/\/www.lextronic.fr\/\" target=\"_blank\">http:\/\/www.lextronic.fr\/<\/a><\/p>\n<\/div>\n","protected":false},"excerpt":{"rendered":"<p>Platines Arduino Les arduino\u2122 sont des plates-formes de prototypage microcontr\u00f4l\u00e9es \u00ab\u00a0open-source\u00a0\u00bb sp\u00e9cialement con\u00e7ues pour les artistes, les concepteurs ou les hobistes d\u00e9sirant r\u00e9aliser des syst\u00e8mes interractifs. Ces derniers peuvent recevoir des informations en provenance de leur environnement afin de pouvoir piloter une multitude de dispositifs externes (leds, buzzer, moteurs, etc&#8230;). Programmables via un langage proche &hellip; <a href=\"https:\/\/robotechno.casciani.fr\/?page_id=44\" class=\"more-link\">Continuer la lecture de <span class=\"screen-reader-text\">Arduino<\/span>  <span class=\"meta-nav\">&rarr;<\/span><\/a><\/p>\n","protected":false},"author":1,"featured_media":0,"parent":147,"menu_order":3,"comment_status":"closed","ping_status":"open","template":"","meta":{"_crdt_document":"","footnotes":""},"class_list":["post-44","page","type-page","status-publish","hentry"],"_links":{"self":[{"href":"https:\/\/robotechno.casciani.fr\/index.php?rest_route=\/wp\/v2\/pages\/44","targetHints":{"allow":["GET"]}}],"collection":[{"href":"https:\/\/robotechno.casciani.fr\/index.php?rest_route=\/wp\/v2\/pages"}],"about":[{"href":"https:\/\/robotechno.casciani.fr\/index.php?rest_route=\/wp\/v2\/types\/page"}],"author":[{"embeddable":true,"href":"https:\/\/robotechno.casciani.fr\/index.php?rest_route=\/wp\/v2\/users\/1"}],"replies":[{"embeddable":true,"href":"https:\/\/robotechno.casciani.fr\/index.php?rest_route=%2Fwp%2Fv2%2Fcomments&post=44"}],"version-history":[{"count":7,"href":"https:\/\/robotechno.casciani.fr\/index.php?rest_route=\/wp\/v2\/pages\/44\/revisions"}],"predecessor-version":[{"id":269,"href":"https:\/\/robotechno.casciani.fr\/index.php?rest_route=\/wp\/v2\/pages\/44\/revisions\/269"}],"up":[{"embeddable":true,"href":"https:\/\/robotechno.casciani.fr\/index.php?rest_route=\/wp\/v2\/pages\/147"}],"wp:attachment":[{"href":"https:\/\/robotechno.casciani.fr\/index.php?rest_route=%2Fwp%2Fv2%2Fmedia&parent=44"}],"curies":[{"name":"wp","href":"https:\/\/api.w.org\/{rel}","templated":true}]}}