{"id":43,"date":"2014-08-10T09:22:37","date_gmt":"2014-08-10T08:22:37","guid":{"rendered":"http:\/\/robotechno.casciani.fr\/?page_id=43"},"modified":"2014-09-01T18:25:53","modified_gmt":"2014-09-01T17:25:53","slug":"new-page-4","status":"publish","type":"page","link":"https:\/\/robotechno.casciani.fr\/?page_id=43","title":{"rendered":"Raspberry Pi B+"},"content":{"rendered":"<div class=\"art-content-layout\"><b>Nano-ordinateur<\/b><b><\/b><b><br \/>\nLa carte micro Raspberry Pi conna\u00eet un grand succ\u00e8s. Durant l\u2019\u00e9t\u00e9, un mod\u00e8le B+ a vu le jour qui constitue une am\u00e9lioration du mod\u00e8le B. Le Raspberry Pi B+ consomme jusqu\u2019\u00e0 30% de moins que son pr\u00e9d\u00e9cesseur.<br \/>\nLe nombre de ports GPIO (General Purpose Input\/Output ou entr\u00e9es\/sorties d\u2019usage g\u00e9n\u00e9ral) \u00e9gale 40 contre seulement 26 dans la version pr\u00e9c\u00e9dente ; le brochage des 26 premiers ports du B+ demeure le m\u00eame que celui du mod\u00e8le B.<br \/>\nEn outre la version B+ inclut 2 fois plus de ports USB que la version B et la qualit\u00e9 du signal audio de sortie y a \u00e9t\u00e9 am\u00e9lior\u00e9e.<br \/>\nEnfin, le port SD a \u00e9t\u00e9 remplac\u00e9 par un port micro SD.<\/p>\n<p>A noter que le mod\u00e8le B reste commercialis\u00e9. Comme les autres modules Raspberry Pi (A et B), le mod\u00e8le B+ est distribu\u00e9 par Farnell et RS Components.<\/b><\/p>\n<p>Source : <a title=\"Raspberry Pi\" href=\"http:\/\/www.electroniques.biz\/\" target=\"_blank\">http:\/\/www.electroniques.biz\/<\/a><\/p>\n<\/div>\n<p>Lien pour le Raspberry Pi, <a title=\"Raspberry Pi (Fra)\" href=\"http:\/\/raspberrypi.fr\/index.html\" target=\"_blank\">ici<\/a><\/p>\n","protected":false},"excerpt":{"rendered":"<p>Nano-ordinateur La carte micro Raspberry Pi conna\u00eet un grand succ\u00e8s. Durant l\u2019\u00e9t\u00e9, un mod\u00e8le B+ a vu le jour qui constitue une am\u00e9lioration du mod\u00e8le B. Le Raspberry Pi B+ consomme jusqu\u2019\u00e0 30% de moins que son pr\u00e9d\u00e9cesseur. Le nombre de ports GPIO (General Purpose Input\/Output ou entr\u00e9es\/sorties d\u2019usage g\u00e9n\u00e9ral) \u00e9gale 40 contre seulement 26 &hellip; <a href=\"https:\/\/robotechno.casciani.fr\/?page_id=43\" class=\"more-link\">Continuer la lecture de <span class=\"screen-reader-text\">Raspberry Pi B+<\/span>  <span class=\"meta-nav\">&rarr;<\/span><\/a><\/p>\n","protected":false},"author":1,"featured_media":0,"parent":147,"menu_order":2,"comment_status":"closed","ping_status":"open","template":"","meta":{"_crdt_document":"","footnotes":""},"class_list":["post-43","page","type-page","status-publish","hentry"],"_links":{"self":[{"href":"https:\/\/robotechno.casciani.fr\/index.php?rest_route=\/wp\/v2\/pages\/43","targetHints":{"allow":["GET"]}}],"collection":[{"href":"https:\/\/robotechno.casciani.fr\/index.php?rest_route=\/wp\/v2\/pages"}],"about":[{"href":"https:\/\/robotechno.casciani.fr\/index.php?rest_route=\/wp\/v2\/types\/page"}],"author":[{"embeddable":true,"href":"https:\/\/robotechno.casciani.fr\/index.php?rest_route=\/wp\/v2\/users\/1"}],"replies":[{"embeddable":true,"href":"https:\/\/robotechno.casciani.fr\/index.php?rest_route=%2Fwp%2Fv2%2Fcomments&post=43"}],"version-history":[{"count":13,"href":"https:\/\/robotechno.casciani.fr\/index.php?rest_route=\/wp\/v2\/pages\/43\/revisions"}],"predecessor-version":[{"id":293,"href":"https:\/\/robotechno.casciani.fr\/index.php?rest_route=\/wp\/v2\/pages\/43\/revisions\/293"}],"up":[{"embeddable":true,"href":"https:\/\/robotechno.casciani.fr\/index.php?rest_route=\/wp\/v2\/pages\/147"}],"wp:attachment":[{"href":"https:\/\/robotechno.casciani.fr\/index.php?rest_route=%2Fwp%2Fv2%2Fmedia&parent=43"}],"curies":[{"name":"wp","href":"https:\/\/api.w.org\/{rel}","templated":true}]}}